{"id":253,"date":"2023-08-16T13:36:31","date_gmt":"2023-08-16T11:36:31","guid":{"rendered":"https:\/\/grimentz-zinal.ski\/allgemeinen-geschaeftsbedingungen\/"},"modified":"2023-08-16T15:43:35","modified_gmt":"2023-08-16T13:43:35","slug":"allgemeinen-geschaeftsbedingungen","status":"publish","type":"page","link":"https:\/\/grimentz-zinal.ski\/de\/allgemeinen-geschaeftsbedingungen\/","title":{"rendered":"Allgemeinen Gesch\u00e4ftsbedingungen"},"content":{"rendered":"<p>[et_pb_section fb_built=&#8220;1&#8243; _builder_version=&#8220;4.21.2&#8243; _module_preset=&#8220;default&#8220; global_colors_info=&#8220;{}&#8220;][et_pb_row _builder_version=&#8220;4.21.2&#8243; _module_preset=&#8220;default&#8220; global_colors_info=&#8220;{}&#8220;][et_pb_column type=&#8220;4_4&#8243; _builder_version=&#8220;4.21.2&#8243; _module_preset=&#8220;default&#8220; global_colors_info=&#8220;{}&#8220;][et_pb_text _builder_version=&#8220;4.21.2&#8243; _module_preset=&#8220;default&#8220; hover_enabled=&#8220;0&#8243; sticky_enabled=&#8220;0&#8243; header_font=&#8220;|700|||||||&#8220;]<\/p>\n<h1>Allgemeinen Gesch\u00e4ftsbedingungen<\/h1>\n<p>[\/et_pb_text][et_pb_text _builder_version=&#8220;4.21.2&#8243; _module_preset=&#8220;default&#8220; hover_enabled=&#8220;0&#8243; sticky_enabled=&#8220;0&#8243; header_2_font=&#8220;|700|||||||&#8220; header_2_text_color=&#8220;#07A9E2&#8243;]<\/p>\n<h2>Wichtig<\/h2>\n<p>In unseren allgemeinen Gesch\u00e4ftsbedingungen wird Grimentz-Zinal.ski S\u00e0rl als <strong>ESI <\/strong>abgek\u00fcrzt.<\/p>\n<p>[\/et_pb_text][et_pb_text _builder_version=&#8220;4.21.2&#8243; _module_preset=&#8220;default&#8220; hover_enabled=&#8220;0&#8243; sticky_enabled=&#8220;0&#8243; header_3_font=&#8220;|600|||||||&#8220;]<\/p>\n<h3>Anmeldung<\/h3>\n<p>Um den Platz zu garantieren, muss der Gesamtbetrag der geplanten Kurse bezahlt werden. Die Tatsache, dass Sie die Reservierung vorgenommen haben, erfordert jedoch, dass Sie Ihrer Bestellung nachkommen, unabh\u00e4ngig davon, ob sie bezahlt wurde oder nicht.<\/p>\n<p>[\/et_pb_text][et_pb_text _builder_version=&#8220;4.21.2&#8243; _module_preset=&#8220;default&#8220; hover_enabled=&#8220;0&#8243; sticky_enabled=&#8220;0&#8243; header_3_font=&#8220;|600|||||||&#8220;]<\/p>\n<h3>Preise<\/h3>\n<p>Die Preise sind in CHF. Die Europreise sind Richtpreise und k\u00f6nnen dem Kurs entsprechend variieren.<\/p>\n<p>[\/et_pb_text][et_pb_text _builder_version=&#8220;4.21.2&#8243; _module_preset=&#8220;default&#8220; hover_enabled=&#8220;0&#8243; sticky_enabled=&#8220;0&#8243; header_3_font=&#8220;|600|||||||&#8220;]<\/p>\n<h3>Gruppenkurse<\/h3>\n<p>Unsere Gruppenkurse werden auf 6 Einschreibungen pro Klasse beschr\u00e4nkt. Aus folgenden Gr\u00fcnden kann es sein, dass die Klassengr\u00f6sse variert :<\/p>\n<ul>\n<li>technischer R\u00fcckstand;<\/li>\n<li>falsche Niveau-Einsch\u00e4tzung;<\/li>\n<li>Angst;<\/li>\n<li>Fortschritte.<\/li>\n<\/ul>\n<p>Es ist deshalb m\u00f6glich, dass aus zwei Klassen, eine Klasse mit 4 Kindern und eine mit 8 Kindern entsteht. Die ESI beh\u00e4lt sich die M\u00f6glichkeit vor, Kinder in eine andere, ihren F\u00e4higkeiten entsprechende Gruppe einzuteilen. Wir behalten uns das Recht vor, jederzeit die zwei Niveaus anzupassen. Die Gruppenkurse bestehen aus 3 bis 6 Kinder pro Klasse. Bei weniger als 3 Kinder pro Klasse wird die Unterrichtszeit wie folgt reduziert :<\/p>\n<ul>\n<li>2 Kinder pro Klasse: Kurs dauert 2 Stunden, von Montag bis Freitag<\/li>\n<li>1 Kind pro Klasse: Kurs dauert 1 Stunde von Montag bis Freitag<\/li>\n<li>ohne Preiszuschlag, mit Priorit\u00e4t an Sesselbahn und Skilift. F\u00fcr die Medaille muss ein finanzieller Beitrag geleistet werden.<\/li>\n<\/ul>\n<p>[\/et_pb_text][et_pb_text _builder_version=&#8220;4.21.2&#8243; _module_preset=&#8220;default&#8220; hover_enabled=&#8220;0&#8243; sticky_enabled=&#8220;0&#8243; header_3_font=&#8220;|600|||||||&#8220;]<\/p>\n<h3>Privatkurse<\/h3>\n<p>F\u00fcr den Privatunterricht muss sich der Kunde p\u00fcnktlich zu der auf dem Reservierungsdokument erw\u00e4hnten Zeit einfinden. Ohne Nachricht, wird der Lehrer max. 30 Minuten ab der Startzeit des Kurses, auf Sie warten. Falls Sie nach der vereinbarten Frist immer noch nicht anwesend sind, wird der Privatunterricht verrechnet. Wir bitten Sie, uns Ihre Versp\u00e4tung mitzuteilen, damit wir den Lehrer informieren k\u00f6nnen. Der Kurs wird trotzdem in der vorgesehenen Stunde enden und verrechnet. Das Ende des Kurses kann nicht weitergeschoben werden. Die ESI beh\u00e4lt sich das Recht vor, die Startzeit des Kurse zu verz\u00f6gern.<\/p>\n<p>[\/et_pb_text][et_pb_text _builder_version=&#8220;4.21.2&#8243; _module_preset=&#8220;default&#8220; hover_enabled=&#8220;0&#8243; sticky_enabled=&#8220;0&#8243; header_3_font=&#8220;|600|||||||&#8220;]<\/p>\n<h3>Tradition<\/h3>\n<p>Ist ein Skilehrer f\u00fcr den ganzen Tag gebucht, kommt der Kunde f\u00fcr die Kosten des Mittagessens des Skilehrers auf.<\/p>\n<p>[\/et_pb_text][et_pb_text _builder_version=&#8220;4.21.2&#8243; _module_preset=&#8220;default&#8220; hover_enabled=&#8220;0&#8243; sticky_enabled=&#8220;0&#8243; header_3_font=&#8220;|600|||||||&#8220;]<\/p>\n<h3>Annullierung<\/h3>\n<p>Jede Reservierung ist verbindlich. Ohne \u00e4rztliche Bescheinigung wird keine R\u00fcckerstattung gew\u00e4hrt. Im Fall einer R\u00fcckerstattung auf \u00e4rztliche Bescheinigung wird ein Betrag 10% DER COMMISSION WERDEN VON JEGLICHER R\u00dcCKERSTATTUNG ABGEZOGEN, um die Geb\u00fchren f\u00fcr verschiedene Dateien abzudecken. Egal ans welchem Grund oder innerhalb welcher Frist. Die Annullierungsfrist f\u00fcr einen Gruppenkurs betr\u00e4gt 14 Tage vor dem Kursbeginn. 10% DER COMMISSION WERDEN VON JEGLICHER R\u00dcCKERSTATTUNG ABGEZOGEN, um die Geb\u00fchren f\u00fcr verschiedene Dateien abzudecken. Egal ans welchem Grund oder innerhalb welcher Frist.<\/p>\n<p>Die Annullierungsfrist f\u00fcr einen Privatkurs betr\u00e4gt 48 Stunden vor dem Kursbeginn. 10% DER COMMISSION WERDEN VON JEGLICHER R\u00dcCKERSTATTUNG ABGEZOGEN, um die Geb\u00fchren f\u00fcr verschiedene Dateien abzudecken. Egal ans welchem Grund oder innerhalb welcher Frist.<\/p>\n<p>Nach Ablauf dieser Frist gehen die gesamten Kosten zu Lasten des Kunden.<\/p>\n<p>Die Reservierung kann vom Kunden nicht annulliert werden, wenn der gew\u00fcnschte Lehrer verletzt oder krank ist. Die ESI verpflichtet sich, einen geeigneten, f\u00e4higen Ersatz zu finden.<\/p>\n<p>[\/et_pb_text][et_pb_text _builder_version=&#8220;4.21.2&#8243; _module_preset=&#8220;default&#8220; hover_enabled=&#8220;0&#8243; sticky_enabled=&#8220;0&#8243; header_3_font=&#8220;|600|||||||&#8220;]<\/p>\n<h3>R\u00fcckerstattung der Schneekindergarten \u201cPremium Quality\u201d : zufrieden oder r\u00fcckverg\u00fctet<\/h3>\n<p>Wenn das Kind am Ende der Woche nicht bremsen kann, sich nicht umdreht und nicht selbst\u00e4ndig das F\u00f6rderband nehmen kann, k\u00f6nnen die Eltern die R\u00fcckerstattung in Form eines Gutscheines von 45% des einbezahlten Betrages zur\u00fcckverlangen (minus der Medaille). Wenn Sie meinen, dass der Lehrer seine Arbeit nicht richtig gemacht hat und wenn alle untengenannten rechtsg\u00fcltigen Bedingungen zutreffen, haben Sie das Recht, eine R\u00fcckerstattung zu verlangen :<\/p>\n<ul>\n<li>Das Kind muss zwischen 4,5 und 6 Jahre alt sein.<\/li>\n<li>Keine motorischen und\/oder geistigen Probleme haben.<\/li>\n<li>Am gesamten Kurs ohne Anwesenheit eines Angeh\u00f6rigen teilgenommen zu haben.<\/li>\n<\/ul>\n<p>Nach Ablauf dieser Frist gehen die gesamten Kosten zu Lasten des Kunden.<\/p>\n<p>Die Reservierung kann vom Kunden nicht annulliert werden, wenn der gew\u00fcnschte Lehrer verletzt oder krank ist. Die ESI verpflichtet sich, einen geeigneten, f\u00e4higen Ersatz zu finden.<\/p>\n<p>[\/et_pb_text][et_pb_text _builder_version=&#8220;4.21.2&#8243; _module_preset=&#8220;default&#8220; hover_enabled=&#8220;0&#8243; sticky_enabled=&#8220;0&#8243; header_3_font=&#8220;|600|||||||&#8220;]<\/p>\n<h3>Versicherung f\u00fcr R\u00fcckerstattung der Kurse<\/h3>\n<p>Wir weisen Sie darauf hin, dass Sie eine R\u00fcckerstattungsversicherung abschliessen k\u00f6nnen, Diese erstattet Ihnen im Falle von Krankheit oder Schliessung der Lift- und Seilbahnen den Skipass, Skikurs und die Vermietung der Ausr\u00fcstung. Wenn Sie noch keine Versicherung haben, k\u00f6nnen Sie sich auf der Homepage http:\/\/www.snowcare.ch informieren.<\/p>\n<p>[\/et_pb_text][et_pb_text _builder_version=&#8220;4.21.2&#8243; _module_preset=&#8220;default&#8220; hover_enabled=&#8220;0&#8243; sticky_enabled=&#8220;0&#8243; header_3_font=&#8220;|600|||||||&#8220;]<\/p>\n<h3>Versicherungen<\/h3>\n<p>Die Preise f\u00fcr die Leistungen der ESI schliessen keine pers\u00f6nliche Versicherung der Kunden ein. Die Fachleute der ESI sind durch eine Haftpflichtversicherung gedeckt, vorausgesetzt sie nicht Selbstst\u00e4ndigerwerbend. Jeder Kunde sollte durch eine eigene Versicherung gedeckt sein. Sie sollte die Risiken, die mit der Aus\u00fcbung der T\u00e4tigkeit verbundenen sind, entsprechend der reservierten Leistung decken. Die ESI ist nicht haftbar, f\u00fcr nicht abgeschlossene Versicherungen der Kunden.<\/p>\n<p>[\/et_pb_text][et_pb_text _builder_version=&#8220;4.21.2&#8243; _module_preset=&#8220;default&#8220; hover_enabled=&#8220;0&#8243; sticky_enabled=&#8220;0&#8243; header_3_font=&#8220;|600|||||||&#8220;]<\/p>\n<h3>Seilbahnen<\/h3>\n<p>Die Preise f\u00fcr die Leistungen der ESI schliessen keine Lifte und Seilbahnen ein. Unterbrechungen der Lifte verpflichtet die ESI nicht R\u00fcckerstattungen zu gew\u00e4hren.<\/p>\n<p>[\/et_pb_text][et_pb_text _builder_version=&#8220;4.21.2&#8243; _module_preset=&#8220;default&#8220; hover_enabled=&#8220;0&#8243; sticky_enabled=&#8220;0&#8243; header_3_font=&#8220;|600|||||||&#8220;]<\/p>\n<h3>Das Recht am eigenen Bild<\/h3>\n<p>Ohne eine schriftliche Angabe, \u00fcberlassen Sie und die Kursteilnehmer, der ESI das Recht, auf die Verwendung des Bildes ohne Gegenleistung.<\/p>\n<p>[\/et_pb_text][et_pb_text _builder_version=&#8220;4.21.2&#8243; _module_preset=&#8220;default&#8220; hover_enabled=&#8220;0&#8243; sticky_enabled=&#8220;0&#8243; header_3_font=&#8220;|600|||||||&#8220;]<\/p>\n<h3>Website<\/h3>\n<p>Alle Inhalte der Website sowie die Brosch\u00fcren sind vollst\u00e4ndiges Eigentum der ESI und sind durch das Urheberrecht gesch\u00fctzt. Die Inhalte der Website (Texte, Artikel\u2026) sind exklusives Eigentum von ihren Autoren. Die k\u00f6nnen keinesfalls reproduzier noch benutzt werden ohne das Einverst\u00e4ndnis der Autoren. Die ESI gestattet nur die Reproduktion von Ausz\u00fcgen der Artikel via der anwesenden Flut RSS auf seiner Website. Gem\u00e4ss der Artikel der Obligationenrecht, ist jede partielle oder totale Reproduktion eines Inhaltes der Website verboten, welcher Form auch immer (Reproduktion, Verbreitung, Technik des \u201cinline linking\u201d und des \u201cframing\u201d). Die direkten Verbindungen die zu herunterladbaren Dateien zu verwenden sind (auf jedes Format), sind auf unserer Website ebenfalls verboten. Wenn Sie eine Verbindung mit unserer Website machen m\u00f6chten, bitten wir Sie direkt Kontakt mit S\u00e9bastien Monard aufzunehmen.<\/p>\n<p>[\/et_pb_text][et_pb_text _builder_version=&#8220;4.21.2&#8243; _module_preset=&#8220;default&#8220; hover_enabled=&#8220;0&#8243; sticky_enabled=&#8220;0&#8243; header_3_font=&#8220;|600|||||||&#8220;]<\/p>\n<h3>Status der Verbindungen und der Inhalte \u00e4usserliche Verbindungen<\/h3>\n<p>Die anwesenden Verbindungen auf der Website (direkte Verbindungen, partnerschaftliche Verbindungen\u2026) leiten den Benutzer zur Website weiter, von denen der Inhalt unter der Verantwortung der Editor des Website gestellt ist. Keinesfalls kann die ESI f\u00fcr den Inhalt dieser Website haftbar gemacht werden. Da wir eine besondere Achtung an der Rechtm\u00e4ssigkeit der Inhalte der Website haben, auf die unsere Verbindungen hinweisen, bitten wir Sie, uns auf jeden unerlaubten Inhalt hinzuweisen.<\/p>\n<p>[\/et_pb_text][et_pb_text _builder_version=&#8220;4.21.2&#8243; _module_preset=&#8220;default&#8220; hover_enabled=&#8220;0&#8243; sticky_enabled=&#8220;0&#8243; header_3_font=&#8220;|600|||||||&#8220;]<\/p>\n<h3>Inhalte<\/h3>\n<p>Die Inhalte der Website sind von der ESI mit der gr\u00f6sster Sorgfalt ausgearbeitet. In diesem Fall sind keine unerlaubten und verleumderischen Inhalte auf dieser verbreitet. Au\u00dferdem stellen sie keinen Charakter vor, der als \u201d tr\u00fcgerische Werbung im Sinne des Artikel des Codes des Verbrauches betrachtet sein kann.<\/p>\n<p>[\/et_pb_text][et_pb_text _builder_version=&#8220;4.21.2&#8243; _module_preset=&#8220;default&#8220; hover_enabled=&#8220;0&#8243; sticky_enabled=&#8220;0&#8243; header_3_font=&#8220;|600|||||||&#8220;]<\/p>\n<h3>Verantwortlichkeit<\/h3>\n<p>Der ESI Grimentz-Zinal wird f\u00fcr die Verletzung oder anderer nicht haftbar gemacht sein k\u00f6nnen, wer im Laufe der Abwicklung der im gesetzlichen Rahmen von ihrer \u00dcbung gespendeten Leistungen eingegriffen ist, sowie w\u00e4hrend der Veranstaltungen.<\/p>\n<p>[\/et_pb_text][et_pb_text _builder_version=&#8220;4.21.2&#8243; _module_preset=&#8220;default&#8220; hover_enabled=&#8220;0&#8243; sticky_enabled=&#8220;0&#8243; header_3_font=&#8220;|600|||||||&#8220;]<\/p>\n<h3>Text allgemeiner Bedingungen<\/h3>\n<p>Die franz\u00f6sische Version dieses Dokumentes ist die einzige Gesetzeskraft.<\/p>\n<p>[\/et_pb_text][et_pb_text _builder_version=&#8220;4.21.2&#8243; _module_preset=&#8220;default&#8220; hover_enabled=&#8220;0&#8243; sticky_enabled=&#8220;0&#8243; header_3_font=&#8220;|600|||||||&#8220;]<\/p>\n<h3>Verwendbares Gesetz?<\/h3>\n<p>Der anwesende Vertrag ist dem Gesetz der Schweiz, entsprechender Direktiven des Landes unterworfen. Er ist f\u00fcr die Hauptregeln sowohl, als auch f\u00fcr die Regeln von Form. Im Falle des Rechtsstreites werden die Gesellschaften\/Personen die Verordnung auf g\u00fctliche Weise privilegieren. Diese Suche nach g\u00fctlicher L\u00f6sung unterbricht keineswegs die Fristen, um in der Garantie zu handeln. Andernfalls und entsprechend den Verf\u00fcgungen der Artikel des schweizerische b\u00fcrgerlichen Gesetzbuches werden die Walliser Gerichte allein kompetent sein. Der Gerichtsstand ist Sierre.<\/p>\n<p>[\/et_pb_text][\/et_pb_column][\/et_pb_row][\/et_pb_section]<\/p>\n","protected":false},"excerpt":{"rendered":"<p>Allgemeinen Gesch\u00e4ftsbedingungenWichtig In unseren allgemeinen Gesch\u00e4ftsbedingungen wird Grimentz-Zinal.ski S\u00e0rl als ESI abgek\u00fcrzt.Anmeldung Um den Platz zu garantieren, muss der Gesamtbetrag der geplanten Kurse bezahlt werden. Die Tatsache, dass Sie die Reservierung vorgenommen haben, erfordert jedoch, dass Sie Ihrer Bestellung nachkommen, unabh\u00e4ngig davon, ob sie bezahlt wurde oder nicht.Preise Die Preise sind in CHF. Die Europreise [&hellip;]<\/p>\n","protected":false},"author":2,"featured_media":0,"parent":0,"menu_order":0,"comment_status":"closed","ping_status":"closed","template":"","meta":{"_et_pb_use_builder":"on","_et_pb_old_content":"","_et_gb_content_width":"","footnotes":""},"class_list":["post-253","page","type-page","status-publish","hentry"],"yoast_head":"<!-- This site is optimized with the Yoast SEO plugin v27.3 - https:\/\/yoast.com\/product\/yoast-seo-wordpress\/ -->\n<title>Allgemeinen Gesch\u00e4ftsbedingungen - Ecole de Ski &amp; Snowboard Internationale<\/title>\n<meta name=\"robots\" content=\"index, follow, max-snippet:-1, max-image-preview:large, max-video-preview:-1\" \/>\n<link rel=\"canonical\" href=\"https:\/\/grimentz-zinal.ski\/de\/allgemeinen-geschaeftsbedingungen\/\" \/>\n<meta property=\"og:locale\" content=\"de_DE\" \/>\n<meta property=\"og:type\" content=\"article\" \/>\n<meta property=\"og:title\" content=\"Allgemeinen Gesch\u00e4ftsbedingungen - Ecole de Ski &amp; Snowboard Internationale\" \/>\n<meta property=\"og:description\" content=\"Allgemeinen Gesch\u00e4ftsbedingungenWichtig In unseren allgemeinen Gesch\u00e4ftsbedingungen wird Grimentz-Zinal.ski S\u00e0rl als ESI abgek\u00fcrzt.Anmeldung Um den Platz zu garantieren, muss der Gesamtbetrag der geplanten Kurse bezahlt werden. Die Tatsache, dass Sie die Reservierung vorgenommen haben, erfordert jedoch, dass Sie Ihrer Bestellung nachkommen, unabh\u00e4ngig davon, ob sie bezahlt wurde oder nicht.Preise Die Preise sind in CHF. Die Europreise [&hellip;]\" \/>\n<meta property=\"og:url\" content=\"https:\/\/grimentz-zinal.ski\/de\/allgemeinen-geschaeftsbedingungen\/\" \/>\n<meta property=\"og:site_name\" content=\"Ecole de Ski &amp; Snowboard Internationale\" \/>\n<meta property=\"article:modified_time\" content=\"2023-08-16T13:43:35+00:00\" \/>\n<meta property=\"og:image\" content=\"https:\/\/grimentz-zinal.ski\/wp-content\/uploads\/2023\/11\/logo-esi-ecole-de-ski.png\" \/>\n\t<meta property=\"og:image:width\" content=\"1200\" \/>\n\t<meta property=\"og:image:height\" content=\"675\" \/>\n\t<meta property=\"og:image:type\" content=\"image\/png\" \/>\n<meta name=\"twitter:card\" content=\"summary_large_image\" \/>\n<meta name=\"twitter:label1\" content=\"Gesch\u00e4tzte Lesezeit\" \/>\n\t<meta name=\"twitter:data1\" content=\"8\u00a0Minuten\" \/>\n<script type=\"application\/ld+json\" class=\"yoast-schema-graph\">{\"@context\":\"https:\\\/\\\/schema.org\",\"@graph\":[{\"@type\":\"WebPage\",\"@id\":\"https:\\\/\\\/grimentz-zinal.ski\\\/de\\\/allgemeinen-geschaeftsbedingungen\\\/\",\"url\":\"https:\\\/\\\/grimentz-zinal.ski\\\/de\\\/allgemeinen-geschaeftsbedingungen\\\/\",\"name\":\"Allgemeinen Gesch\u00e4ftsbedingungen - Ecole de Ski &amp; Snowboard Internationale\",\"isPartOf\":{\"@id\":\"https:\\\/\\\/grimentz-zinal.ski\\\/de\\\/#website\"},\"datePublished\":\"2023-08-16T11:36:31+00:00\",\"dateModified\":\"2023-08-16T13:43:35+00:00\",\"breadcrumb\":{\"@id\":\"https:\\\/\\\/grimentz-zinal.ski\\\/de\\\/allgemeinen-geschaeftsbedingungen\\\/#breadcrumb\"},\"inLanguage\":\"de\",\"potentialAction\":[{\"@type\":\"ReadAction\",\"target\":[\"https:\\\/\\\/grimentz-zinal.ski\\\/de\\\/allgemeinen-geschaeftsbedingungen\\\/\"]}]},{\"@type\":\"BreadcrumbList\",\"@id\":\"https:\\\/\\\/grimentz-zinal.ski\\\/de\\\/allgemeinen-geschaeftsbedingungen\\\/#breadcrumb\",\"itemListElement\":[{\"@type\":\"ListItem\",\"position\":1,\"name\":\"Accueil\",\"item\":\"https:\\\/\\\/grimentz-zinal.ski\\\/de\\\/startseite\\\/\"},{\"@type\":\"ListItem\",\"position\":2,\"name\":\"Allgemeinen Gesch\u00e4ftsbedingungen\"}]},{\"@type\":\"WebSite\",\"@id\":\"https:\\\/\\\/grimentz-zinal.ski\\\/de\\\/#website\",\"url\":\"https:\\\/\\\/grimentz-zinal.ski\\\/de\\\/\",\"name\":\"Ecole de ski & Snowboard Internationale\",\"description\":\"Grimentz et Zinal\",\"publisher\":{\"@id\":\"https:\\\/\\\/grimentz-zinal.ski\\\/de\\\/#organization\"},\"potentialAction\":[{\"@type\":\"SearchAction\",\"target\":{\"@type\":\"EntryPoint\",\"urlTemplate\":\"https:\\\/\\\/grimentz-zinal.ski\\\/de\\\/?s={search_term_string}\"},\"query-input\":{\"@type\":\"PropertyValueSpecification\",\"valueRequired\":true,\"valueName\":\"search_term_string\"}}],\"inLanguage\":\"de\"},{\"@type\":\"Organization\",\"@id\":\"https:\\\/\\\/grimentz-zinal.ski\\\/de\\\/#organization\",\"name\":\"Ecole de ski & Snowboard Internationale\",\"url\":\"https:\\\/\\\/grimentz-zinal.ski\\\/de\\\/\",\"logo\":{\"@type\":\"ImageObject\",\"inLanguage\":\"de\",\"@id\":\"https:\\\/\\\/grimentz-zinal.ski\\\/de\\\/#\\\/schema\\\/logo\\\/image\\\/\",\"url\":\"https:\\\/\\\/grimentz-zinal.ski\\\/wp-content\\\/uploads\\\/2023\\\/11\\\/logo-esi-ecole-de-ski-grimentz-zinal.png\",\"contentUrl\":\"https:\\\/\\\/grimentz-zinal.ski\\\/wp-content\\\/uploads\\\/2023\\\/11\\\/logo-esi-ecole-de-ski-grimentz-zinal.png\",\"width\":696,\"height\":696,\"caption\":\"Ecole de ski & Snowboard Internationale\"},\"image\":{\"@id\":\"https:\\\/\\\/grimentz-zinal.ski\\\/de\\\/#\\\/schema\\\/logo\\\/image\\\/\"}}]}<\/script>\n<!-- \/ Yoast SEO plugin. -->","yoast_head_json":{"title":"Allgemeinen Gesch\u00e4ftsbedingungen - Ecole de Ski &amp; Snowboard Internationale","robots":{"index":"index","follow":"follow","max-snippet":"max-snippet:-1","max-image-preview":"max-image-preview:large","max-video-preview":"max-video-preview:-1"},"canonical":"https:\/\/grimentz-zinal.ski\/de\/allgemeinen-geschaeftsbedingungen\/","og_locale":"de_DE","og_type":"article","og_title":"Allgemeinen Gesch\u00e4ftsbedingungen - Ecole de Ski &amp; Snowboard Internationale","og_description":"Allgemeinen Gesch\u00e4ftsbedingungenWichtig In unseren allgemeinen Gesch\u00e4ftsbedingungen wird Grimentz-Zinal.ski S\u00e0rl als ESI abgek\u00fcrzt.Anmeldung Um den Platz zu garantieren, muss der Gesamtbetrag der geplanten Kurse bezahlt werden. Die Tatsache, dass Sie die Reservierung vorgenommen haben, erfordert jedoch, dass Sie Ihrer Bestellung nachkommen, unabh\u00e4ngig davon, ob sie bezahlt wurde oder nicht.Preise Die Preise sind in CHF. Die Europreise [&hellip;]","og_url":"https:\/\/grimentz-zinal.ski\/de\/allgemeinen-geschaeftsbedingungen\/","og_site_name":"Ecole de Ski &amp; Snowboard Internationale","article_modified_time":"2023-08-16T13:43:35+00:00","og_image":[{"width":1200,"height":675,"url":"https:\/\/grimentz-zinal.ski\/wp-content\/uploads\/2023\/11\/logo-esi-ecole-de-ski.png","type":"image\/png"}],"twitter_card":"summary_large_image","twitter_misc":{"Gesch\u00e4tzte Lesezeit":"8\u00a0Minuten"},"schema":{"@context":"https:\/\/schema.org","@graph":[{"@type":"WebPage","@id":"https:\/\/grimentz-zinal.ski\/de\/allgemeinen-geschaeftsbedingungen\/","url":"https:\/\/grimentz-zinal.ski\/de\/allgemeinen-geschaeftsbedingungen\/","name":"Allgemeinen Gesch\u00e4ftsbedingungen - Ecole de Ski &amp; Snowboard Internationale","isPartOf":{"@id":"https:\/\/grimentz-zinal.ski\/de\/#website"},"datePublished":"2023-08-16T11:36:31+00:00","dateModified":"2023-08-16T13:43:35+00:00","breadcrumb":{"@id":"https:\/\/grimentz-zinal.ski\/de\/allgemeinen-geschaeftsbedingungen\/#breadcrumb"},"inLanguage":"de","potentialAction":[{"@type":"ReadAction","target":["https:\/\/grimentz-zinal.ski\/de\/allgemeinen-geschaeftsbedingungen\/"]}]},{"@type":"BreadcrumbList","@id":"https:\/\/grimentz-zinal.ski\/de\/allgemeinen-geschaeftsbedingungen\/#breadcrumb","itemListElement":[{"@type":"ListItem","position":1,"name":"Accueil","item":"https:\/\/grimentz-zinal.ski\/de\/startseite\/"},{"@type":"ListItem","position":2,"name":"Allgemeinen Gesch\u00e4ftsbedingungen"}]},{"@type":"WebSite","@id":"https:\/\/grimentz-zinal.ski\/de\/#website","url":"https:\/\/grimentz-zinal.ski\/de\/","name":"Ecole de ski & Snowboard Internationale","description":"Grimentz et Zinal","publisher":{"@id":"https:\/\/grimentz-zinal.ski\/de\/#organization"},"potentialAction":[{"@type":"SearchAction","target":{"@type":"EntryPoint","urlTemplate":"https:\/\/grimentz-zinal.ski\/de\/?s={search_term_string}"},"query-input":{"@type":"PropertyValueSpecification","valueRequired":true,"valueName":"search_term_string"}}],"inLanguage":"de"},{"@type":"Organization","@id":"https:\/\/grimentz-zinal.ski\/de\/#organization","name":"Ecole de ski & Snowboard Internationale","url":"https:\/\/grimentz-zinal.ski\/de\/","logo":{"@type":"ImageObject","inLanguage":"de","@id":"https:\/\/grimentz-zinal.ski\/de\/#\/schema\/logo\/image\/","url":"https:\/\/grimentz-zinal.ski\/wp-content\/uploads\/2023\/11\/logo-esi-ecole-de-ski-grimentz-zinal.png","contentUrl":"https:\/\/grimentz-zinal.ski\/wp-content\/uploads\/2023\/11\/logo-esi-ecole-de-ski-grimentz-zinal.png","width":696,"height":696,"caption":"Ecole de ski & Snowboard Internationale"},"image":{"@id":"https:\/\/grimentz-zinal.ski\/de\/#\/schema\/logo\/image\/"}}]}},"_links":{"self":[{"href":"https:\/\/grimentz-zinal.ski\/de\/wp-json\/wp\/v2\/pages\/253","targetHints":{"allow":["GET"]}}],"collection":[{"href":"https:\/\/grimentz-zinal.ski\/de\/wp-json\/wp\/v2\/pages"}],"about":[{"href":"https:\/\/grimentz-zinal.ski\/de\/wp-json\/wp\/v2\/types\/page"}],"author":[{"embeddable":true,"href":"https:\/\/grimentz-zinal.ski\/de\/wp-json\/wp\/v2\/users\/2"}],"replies":[{"embeddable":true,"href":"https:\/\/grimentz-zinal.ski\/de\/wp-json\/wp\/v2\/comments?post=253"}],"version-history":[{"count":2,"href":"https:\/\/grimentz-zinal.ski\/de\/wp-json\/wp\/v2\/pages\/253\/revisions"}],"predecessor-version":[{"id":255,"href":"https:\/\/grimentz-zinal.ski\/de\/wp-json\/wp\/v2\/pages\/253\/revisions\/255"}],"wp:attachment":[{"href":"https:\/\/grimentz-zinal.ski\/de\/wp-json\/wp\/v2\/media?parent=253"}],"curies":[{"name":"wp","href":"https:\/\/api.w.org\/{rel}","templated":true}]}}