{"id":1367,"date":"2023-09-05T13:41:24","date_gmt":"2023-09-05T11:41:24","guid":{"rendered":"https:\/\/grimentz-zinal.ski\/schneesportlehrerin-gesucht\/"},"modified":"2023-11-08T13:36:31","modified_gmt":"2023-11-08T12:36:31","slug":"schneesportlehrerin-gesucht","status":"publish","type":"page","link":"https:\/\/grimentz-zinal.ski\/de\/schneesportlehrerin-gesucht\/","title":{"rendered":"Schneesportlehrer\u2022in gesucht"},"content":{"rendered":"<p>[et_pb_section fb_built=&#8220;1&#8243; fullwidth=&#8220;on&#8220; _builder_version=&#8220;4.21.2&#8243; _module_preset=&#8220;default&#8220; custom_margin_tablet=&#8220;80px||||false|false&#8220; custom_margin_phone=&#8220;80px||||false|false&#8220; custom_margin_last_edited=&#8220;on|tablet&#8220; global_colors_info=&#8220;{}&#8220;][et_pb_fullwidth_image src=&#8220;https:\/\/grimentz-zinal.ski\/wp-content\/uploads\/2023\/09\/mo-APernet-ESI-9386.jpg&#8220; _builder_version=&#8220;4.21.2&#8243; _module_preset=&#8220;default&#8220; global_colors_info=&#8220;{}&#8220;][\/et_pb_fullwidth_image][\/et_pb_section][et_pb_section fb_built=&#8220;1&#8243; _builder_version=&#8220;4.21.2&#8243; _module_preset=&#8220;default&#8220; custom_padding=&#8220;0px||||false|false&#8220; global_colors_info=&#8220;{}&#8220;][et_pb_row _builder_version=&#8220;4.21.2&#8243; _module_preset=&#8220;default&#8220; global_colors_info=&#8220;{}&#8220;][et_pb_column type=&#8220;4_4&#8243; _builder_version=&#8220;4.21.2&#8243; _module_preset=&#8220;default&#8220; global_colors_info=&#8220;{}&#8220;][et_pb_text _builder_version=&#8220;4.22.1&#8243; _module_preset=&#8220;default&#8220; header_2_font=&#8220;|700|||||||&#8220; header_2_text_color=&#8220;#07A9E2&#8243; text_orientation=&#8220;center&#8220; global_colors_info=&#8220;{}&#8220;]<\/p>\n<h2>Schneesportlehrer\u2022in gesucht<\/h2>\n<p>[\/et_pb_text][et_pb_text _builder_version=&#8220;4.22.1&#8243; _module_preset=&#8220;default&#8220; text_orientation=&#8220;center&#8220; global_colors_info=&#8220;{}&#8220;]<\/p>\n<p>Du suchst nach einem einzigartigen Erlebnis, das dir ewig in Erinnerung bleiben wird?<\/p>\n<p>Falls du ein\/e motivierte\/r und verantwortungsbewusste\/r Ski- und Snowboardlehrer\/in mit sozialen Kompetenzen bist, dann bewerbe dich bei uns und werde ein Mitglied unseres Teams. Ob f\u00fcr die ganze Saison oder nur f\u00fcr ein paar Wochen von Sonntag bis Freitag, wir ben\u00f6tigen immer Verst\u00e4rkung.<\/p>\n<p>Haben wir dein Interesse geweckt? Falls ja, dann sende uns bitte deinen Lebenslauf mit Foto. Bitte erw\u00e4hne auch deine Sprachkenntnisse.<\/p>\n<p>[\/et_pb_text][\/et_pb_column][\/et_pb_row][\/et_pb_section]<\/p>\n","protected":false},"excerpt":{"rendered":"<p>Schneesportlehrer\u2022in gesuchtDu suchst nach einem einzigartigen Erlebnis, das dir ewig in Erinnerung bleiben wird? Falls du ein\/e motivierte\/r und verantwortungsbewusste\/r Ski- und Snowboardlehrer\/in mit sozialen Kompetenzen bist, dann bewerbe dich bei uns und werde ein Mitglied unseres Teams. Ob f\u00fcr die ganze Saison oder nur f\u00fcr ein paar Wochen von Sonntag bis Freitag, wir ben\u00f6tigen [&hellip;]<\/p>\n","protected":false},"author":2,"featured_media":0,"parent":0,"menu_order":0,"comment_status":"closed","ping_status":"closed","template":"","meta":{"_et_pb_use_builder":"on","_et_pb_old_content":"","_et_gb_content_width":"","footnotes":""},"class_list":["post-1367","page","type-page","status-publish","hentry"],"yoast_head":"<!-- This site is optimized with the Yoast SEO plugin v27.3 - https:\/\/yoast.com\/product\/yoast-seo-wordpress\/ -->\n<title>Schneesportlehrer\u2022in gesucht - Ecole de Ski &amp; Snowboard Internationale<\/title>\n<meta name=\"description\" content=\"Wir stellen Lehrerinnen und Lehrer ein. Wenn du uns also deinen Lebenslauf mit Foto und Sprachkenntnissen f\u00fcr einen Job schicken m\u00f6chtest, z\u00f6gere nicht.\" \/>\n<meta name=\"robots\" content=\"index, follow, max-snippet:-1, max-image-preview:large, max-video-preview:-1\" \/>\n<link rel=\"canonical\" href=\"https:\/\/grimentz-zinal.ski\/de\/schneesportlehrerin-gesucht\/\" \/>\n<meta property=\"og:locale\" content=\"de_DE\" \/>\n<meta property=\"og:type\" content=\"article\" \/>\n<meta property=\"og:title\" content=\"Schneesportlehrer\u2022in gesucht - Ecole de Ski &amp; Snowboard Internationale\" \/>\n<meta property=\"og:description\" content=\"Wir stellen Lehrerinnen und Lehrer ein. Wenn du uns also deinen Lebenslauf mit Foto und Sprachkenntnissen f\u00fcr einen Job schicken m\u00f6chtest, z\u00f6gere nicht.\" \/>\n<meta property=\"og:url\" content=\"https:\/\/grimentz-zinal.ski\/de\/schneesportlehrerin-gesucht\/\" \/>\n<meta property=\"og:site_name\" content=\"Ecole de Ski &amp; Snowboard Internationale\" \/>\n<meta property=\"article:modified_time\" content=\"2023-11-08T12:36:31+00:00\" \/>\n<meta property=\"og:image\" content=\"https:\/\/grimentz-zinal.ski\/wp-content\/uploads\/2023\/11\/logo-esi-ecole-de-ski.png\" \/>\n\t<meta property=\"og:image:width\" content=\"1200\" \/>\n\t<meta property=\"og:image:height\" content=\"675\" \/>\n\t<meta property=\"og:image:type\" content=\"image\/png\" \/>\n<meta name=\"twitter:card\" content=\"summary_large_image\" \/>\n<meta name=\"twitter:label1\" content=\"Gesch\u00e4tzte Lesezeit\" \/>\n\t<meta name=\"twitter:data1\" content=\"1\u00a0Minute\" \/>\n<script type=\"application\/ld+json\" class=\"yoast-schema-graph\">{\"@context\":\"https:\\\/\\\/schema.org\",\"@graph\":[{\"@type\":\"WebPage\",\"@id\":\"https:\\\/\\\/grimentz-zinal.ski\\\/de\\\/schneesportlehrerin-gesucht\\\/\",\"url\":\"https:\\\/\\\/grimentz-zinal.ski\\\/de\\\/schneesportlehrerin-gesucht\\\/\",\"name\":\"Schneesportlehrer\u2022in gesucht - Ecole de Ski &amp; Snowboard Internationale\",\"isPartOf\":{\"@id\":\"https:\\\/\\\/grimentz-zinal.ski\\\/de\\\/#website\"},\"datePublished\":\"2023-09-05T11:41:24+00:00\",\"dateModified\":\"2023-11-08T12:36:31+00:00\",\"description\":\"Wir stellen Lehrerinnen und Lehrer ein. Wenn du uns also deinen Lebenslauf mit Foto und Sprachkenntnissen f\u00fcr einen Job schicken m\u00f6chtest, z\u00f6gere nicht.\",\"breadcrumb\":{\"@id\":\"https:\\\/\\\/grimentz-zinal.ski\\\/de\\\/schneesportlehrerin-gesucht\\\/#breadcrumb\"},\"inLanguage\":\"de\",\"potentialAction\":[{\"@type\":\"ReadAction\",\"target\":[\"https:\\\/\\\/grimentz-zinal.ski\\\/de\\\/schneesportlehrerin-gesucht\\\/\"]}]},{\"@type\":\"BreadcrumbList\",\"@id\":\"https:\\\/\\\/grimentz-zinal.ski\\\/de\\\/schneesportlehrerin-gesucht\\\/#breadcrumb\",\"itemListElement\":[{\"@type\":\"ListItem\",\"position\":1,\"name\":\"Accueil\",\"item\":\"https:\\\/\\\/grimentz-zinal.ski\\\/de\\\/startseite\\\/\"},{\"@type\":\"ListItem\",\"position\":2,\"name\":\"Schneesportlehrer\u2022in gesucht\"}]},{\"@type\":\"WebSite\",\"@id\":\"https:\\\/\\\/grimentz-zinal.ski\\\/de\\\/#website\",\"url\":\"https:\\\/\\\/grimentz-zinal.ski\\\/de\\\/\",\"name\":\"Ecole de ski & Snowboard Internationale\",\"description\":\"Grimentz et Zinal\",\"publisher\":{\"@id\":\"https:\\\/\\\/grimentz-zinal.ski\\\/de\\\/#organization\"},\"potentialAction\":[{\"@type\":\"SearchAction\",\"target\":{\"@type\":\"EntryPoint\",\"urlTemplate\":\"https:\\\/\\\/grimentz-zinal.ski\\\/de\\\/?s={search_term_string}\"},\"query-input\":{\"@type\":\"PropertyValueSpecification\",\"valueRequired\":true,\"valueName\":\"search_term_string\"}}],\"inLanguage\":\"de\"},{\"@type\":\"Organization\",\"@id\":\"https:\\\/\\\/grimentz-zinal.ski\\\/de\\\/#organization\",\"name\":\"Ecole de ski & Snowboard Internationale\",\"url\":\"https:\\\/\\\/grimentz-zinal.ski\\\/de\\\/\",\"logo\":{\"@type\":\"ImageObject\",\"inLanguage\":\"de\",\"@id\":\"https:\\\/\\\/grimentz-zinal.ski\\\/de\\\/#\\\/schema\\\/logo\\\/image\\\/\",\"url\":\"https:\\\/\\\/grimentz-zinal.ski\\\/wp-content\\\/uploads\\\/2023\\\/11\\\/logo-esi-ecole-de-ski-grimentz-zinal.png\",\"contentUrl\":\"https:\\\/\\\/grimentz-zinal.ski\\\/wp-content\\\/uploads\\\/2023\\\/11\\\/logo-esi-ecole-de-ski-grimentz-zinal.png\",\"width\":696,\"height\":696,\"caption\":\"Ecole de ski & Snowboard Internationale\"},\"image\":{\"@id\":\"https:\\\/\\\/grimentz-zinal.ski\\\/de\\\/#\\\/schema\\\/logo\\\/image\\\/\"}}]}<\/script>\n<!-- \/ Yoast SEO plugin. -->","yoast_head_json":{"title":"Schneesportlehrer\u2022in gesucht - Ecole de Ski &amp; Snowboard Internationale","description":"Wir stellen Lehrerinnen und Lehrer ein. Wenn du uns also deinen Lebenslauf mit Foto und Sprachkenntnissen f\u00fcr einen Job schicken m\u00f6chtest, z\u00f6gere nicht.","robots":{"index":"index","follow":"follow","max-snippet":"max-snippet:-1","max-image-preview":"max-image-preview:large","max-video-preview":"max-video-preview:-1"},"canonical":"https:\/\/grimentz-zinal.ski\/de\/schneesportlehrerin-gesucht\/","og_locale":"de_DE","og_type":"article","og_title":"Schneesportlehrer\u2022in gesucht - Ecole de Ski &amp; Snowboard Internationale","og_description":"Wir stellen Lehrerinnen und Lehrer ein. Wenn du uns also deinen Lebenslauf mit Foto und Sprachkenntnissen f\u00fcr einen Job schicken m\u00f6chtest, z\u00f6gere nicht.","og_url":"https:\/\/grimentz-zinal.ski\/de\/schneesportlehrerin-gesucht\/","og_site_name":"Ecole de Ski &amp; Snowboard Internationale","article_modified_time":"2023-11-08T12:36:31+00:00","og_image":[{"width":1200,"height":675,"url":"https:\/\/grimentz-zinal.ski\/wp-content\/uploads\/2023\/11\/logo-esi-ecole-de-ski.png","type":"image\/png"}],"twitter_card":"summary_large_image","twitter_misc":{"Gesch\u00e4tzte Lesezeit":"1\u00a0Minute"},"schema":{"@context":"https:\/\/schema.org","@graph":[{"@type":"WebPage","@id":"https:\/\/grimentz-zinal.ski\/de\/schneesportlehrerin-gesucht\/","url":"https:\/\/grimentz-zinal.ski\/de\/schneesportlehrerin-gesucht\/","name":"Schneesportlehrer\u2022in gesucht - Ecole de Ski &amp; Snowboard Internationale","isPartOf":{"@id":"https:\/\/grimentz-zinal.ski\/de\/#website"},"datePublished":"2023-09-05T11:41:24+00:00","dateModified":"2023-11-08T12:36:31+00:00","description":"Wir stellen Lehrerinnen und Lehrer ein. Wenn du uns also deinen Lebenslauf mit Foto und Sprachkenntnissen f\u00fcr einen Job schicken m\u00f6chtest, z\u00f6gere nicht.","breadcrumb":{"@id":"https:\/\/grimentz-zinal.ski\/de\/schneesportlehrerin-gesucht\/#breadcrumb"},"inLanguage":"de","potentialAction":[{"@type":"ReadAction","target":["https:\/\/grimentz-zinal.ski\/de\/schneesportlehrerin-gesucht\/"]}]},{"@type":"BreadcrumbList","@id":"https:\/\/grimentz-zinal.ski\/de\/schneesportlehrerin-gesucht\/#breadcrumb","itemListElement":[{"@type":"ListItem","position":1,"name":"Accueil","item":"https:\/\/grimentz-zinal.ski\/de\/startseite\/"},{"@type":"ListItem","position":2,"name":"Schneesportlehrer\u2022in gesucht"}]},{"@type":"WebSite","@id":"https:\/\/grimentz-zinal.ski\/de\/#website","url":"https:\/\/grimentz-zinal.ski\/de\/","name":"Ecole de ski & Snowboard Internationale","description":"Grimentz et Zinal","publisher":{"@id":"https:\/\/grimentz-zinal.ski\/de\/#organization"},"potentialAction":[{"@type":"SearchAction","target":{"@type":"EntryPoint","urlTemplate":"https:\/\/grimentz-zinal.ski\/de\/?s={search_term_string}"},"query-input":{"@type":"PropertyValueSpecification","valueRequired":true,"valueName":"search_term_string"}}],"inLanguage":"de"},{"@type":"Organization","@id":"https:\/\/grimentz-zinal.ski\/de\/#organization","name":"Ecole de ski & Snowboard Internationale","url":"https:\/\/grimentz-zinal.ski\/de\/","logo":{"@type":"ImageObject","inLanguage":"de","@id":"https:\/\/grimentz-zinal.ski\/de\/#\/schema\/logo\/image\/","url":"https:\/\/grimentz-zinal.ski\/wp-content\/uploads\/2023\/11\/logo-esi-ecole-de-ski-grimentz-zinal.png","contentUrl":"https:\/\/grimentz-zinal.ski\/wp-content\/uploads\/2023\/11\/logo-esi-ecole-de-ski-grimentz-zinal.png","width":696,"height":696,"caption":"Ecole de ski & Snowboard Internationale"},"image":{"@id":"https:\/\/grimentz-zinal.ski\/de\/#\/schema\/logo\/image\/"}}]}},"_links":{"self":[{"href":"https:\/\/grimentz-zinal.ski\/de\/wp-json\/wp\/v2\/pages\/1367","targetHints":{"allow":["GET"]}}],"collection":[{"href":"https:\/\/grimentz-zinal.ski\/de\/wp-json\/wp\/v2\/pages"}],"about":[{"href":"https:\/\/grimentz-zinal.ski\/de\/wp-json\/wp\/v2\/types\/page"}],"author":[{"embeddable":true,"href":"https:\/\/grimentz-zinal.ski\/de\/wp-json\/wp\/v2\/users\/2"}],"replies":[{"embeddable":true,"href":"https:\/\/grimentz-zinal.ski\/de\/wp-json\/wp\/v2\/comments?post=1367"}],"version-history":[{"count":4,"href":"https:\/\/grimentz-zinal.ski\/de\/wp-json\/wp\/v2\/pages\/1367\/revisions"}],"predecessor-version":[{"id":2046,"href":"https:\/\/grimentz-zinal.ski\/de\/wp-json\/wp\/v2\/pages\/1367\/revisions\/2046"}],"wp:attachment":[{"href":"https:\/\/grimentz-zinal.ski\/de\/wp-json\/wp\/v2\/media?parent=1367"}],"curies":[{"name":"wp","href":"https:\/\/api.w.org\/{rel}","templated":true}]}}