{"id":1197,"date":"2023-08-17T11:13:48","date_gmt":"2023-08-17T09:13:48","guid":{"rendered":"https:\/\/grimentz-zinal.ski\/wo-sie-uns-finden\/"},"modified":"2023-11-08T13:49:31","modified_gmt":"2023-11-08T12:49:31","slug":"wo-sie-uns-finden","status":"publish","type":"page","link":"https:\/\/grimentz-zinal.ski\/de\/wo-sie-uns-finden\/","title":{"rendered":"Wo Sie uns finden ?"},"content":{"rendered":"<p>[et_pb_section fb_built=&#8220;1&#8243; fullwidth=&#8220;on&#8220; _builder_version=&#8220;4.21.2&#8243; _module_preset=&#8220;default&#8220; custom_margin_tablet=&#8220;80px||||false|false&#8220; custom_margin_phone=&#8220;80px||||false|false&#8220; custom_margin_last_edited=&#8220;on|tablet&#8220; global_colors_info=&#8220;{}&#8220;][et_pb_fullwidth_image src=&#8220;https:\/\/grimentz-zinal.ski\/wp-content\/uploads\/2023\/09\/P1010309.jpg&#8220; _builder_version=&#8220;4.21.2&#8243; _module_preset=&#8220;default&#8220; global_colors_info=&#8220;{}&#8220;][\/et_pb_fullwidth_image][\/et_pb_section][et_pb_section fb_built=&#8220;1&#8243; _builder_version=&#8220;4.21.2&#8243; _module_preset=&#8220;default&#8220; custom_padding=&#8220;0px||||false|false&#8220; global_colors_info=&#8220;{}&#8220;][et_pb_row _builder_version=&#8220;4.21.2&#8243; _module_preset=&#8220;default&#8220; global_colors_info=&#8220;{}&#8220;][et_pb_column type=&#8220;4_4&#8243; _builder_version=&#8220;4.21.2&#8243; _module_preset=&#8220;default&#8220; global_colors_info=&#8220;{}&#8220;][et_pb_text _builder_version=&#8220;4.21.2&#8243; _module_preset=&#8220;default&#8220; header_text_color=&#8220;#07A9E2&#8243; header_2_font=&#8220;|700|||||||&#8220; header_2_text_align=&#8220;center&#8220; header_2_text_color=&#8220;#07A9E2&#8243; global_colors_info=&#8220;{}&#8220;]<\/p>\n<h2>Wo Sie uns finden ?<\/h2>\n<p>[\/et_pb_text][et_pb_text _builder_version=&#8220;4.21.2&#8243; _module_preset=&#8220;default&#8220; text_orientation=&#8220;center&#8220; global_colors_info=&#8220;{}&#8220;]<\/p>\n<p>Nach Ihrer Zahlung k\u00f6nnen Sie uns direkt am Montagmorgen um 10:00 Uhr zum Gruppenunterricht (offizielle Zeit 10:10 bis 12:25 Uhr) oder 2 oder 3 Minuten vorher zum Privatunterricht am Sammelplatz der Internationalen Skischule treffen. Standort siehe unten:<\/p>\n<p>[\/et_pb_text][\/et_pb_column][\/et_pb_row][et_pb_row column_structure=&#8220;1_2,1_2&#8243; _builder_version=&#8220;4.21.2&#8243; _module_preset=&#8220;default&#8220; global_colors_info=&#8220;{}&#8220;][et_pb_column type=&#8220;1_2&#8243; _builder_version=&#8220;4.21.2&#8243; _module_preset=&#8220;default&#8220; global_colors_info=&#8220;{}&#8220;][et_pb_text _builder_version=&#8220;4.21.2&#8243; _module_preset=&#8220;default&#8220; global_colors_info=&#8220;{}&#8220;]<\/p>\n<h3>Grimentz<\/h3>\n<p>Sie finden Ihre Instruktoren an der Spitze der Gondeln (Achtung, das sind die kleinen Kabinen, die nach Bendolla fahren und nicht die gro\u00dfe Kabine der Seilbahn, die nach Zinal f\u00fchrt), am Ausgang gehen Sie nach rechts in Richtung das (&#8222;Mini-Glide&#8220;-Laufband).<\/p>\n<p>Der Treffpunkt befindet sich 20 Meter unterhalb der Minirutsche.<\/p>\n<p>Es gibt ein \u201eMeeting Place ESI\u201c-Schild und eine gro\u00dfe blaue Flagge, etwa 5 Meter hoch. Die Monitore tragen ein blaues Outfit.<\/p>\n<p>[\/et_pb_text][\/et_pb_column][et_pb_column type=&#8220;1_2&#8243; _builder_version=&#8220;4.21.2&#8243; _module_preset=&#8220;default&#8220; global_colors_info=&#8220;{}&#8220;][et_pb_text _builder_version=&#8220;4.21.2&#8243; _module_preset=&#8220;default&#8220; global_colors_info=&#8220;{}&#8220;]<\/p>\n<h3>Zinal<\/h3>\n<p>Sie finden Ihre Instruktoren am ZWISCHEN-Ausgang der Gondeln, Ausgang wie zum Restaurant Sorebois.<\/p>\n<p>Gehen Sie am Ausgang nach links in Richtung des Restaurants Sorebois, am Restaurant Sorebois vorbei und direkt neben seiner Terrasse befindet sich ein Spielplatz f\u00fcr Kinder.<\/p>\n<p>Der Sammelplatz befindet sich vor dem Spielplatz.<\/p>\n<p>Die Monitore tragen ein blaues Outfit.<\/p>\n<p>&nbsp;<\/p>\n<p>[\/et_pb_text][\/et_pb_column][\/et_pb_row][et_pb_row _builder_version=&#8220;4.21.2&#8243; _module_preset=&#8220;default&#8220; global_colors_info=&#8220;{}&#8220;][et_pb_column type=&#8220;4_4&#8243; _builder_version=&#8220;4.21.2&#8243; _module_preset=&#8220;default&#8220; global_colors_info=&#8220;{}&#8220;][et_pb_image src=&#8220;https:\/\/grimentz-zinal.ski\/wp-content\/uploads\/2023\/09\/ou-nous-trouver-plan.jpg&#8220; alt=&#8220;Grimentz-Zinal, Ski School and sport shop, 3961 Grimentz&#8220; show_in_lightbox=&#8220;on&#8220; align=&#8220;center&#8220; _builder_version=&#8220;4.21.2&#8243; _module_preset=&#8220;default&#8220; global_colors_info=&#8220;{}&#8220;][\/et_pb_image][\/et_pb_column][\/et_pb_row][\/et_pb_section]<\/p>\n","protected":false},"excerpt":{"rendered":"<p>Wo Sie uns finden ?Nach Ihrer Zahlung k\u00f6nnen Sie uns direkt am Montagmorgen um 10:00 Uhr zum Gruppenunterricht (offizielle Zeit 10:10 bis 12:25 Uhr) oder 2 oder 3 Minuten vorher zum Privatunterricht am Sammelplatz der Internationalen Skischule treffen. Standort siehe unten:Grimentz Sie finden Ihre Instruktoren an der Spitze der Gondeln (Achtung, das sind die kleinen [&hellip;]<\/p>\n","protected":false},"author":2,"featured_media":0,"parent":0,"menu_order":0,"comment_status":"closed","ping_status":"closed","template":"","meta":{"_et_pb_use_builder":"on","_et_pb_old_content":"","_et_gb_content_width":"","footnotes":""},"class_list":["post-1197","page","type-page","status-publish","hentry"],"yoast_head":"<!-- This site is optimized with the Yoast SEO plugin v27.3 - https:\/\/yoast.com\/product\/yoast-seo-wordpress\/ -->\n<title>Wo Sie uns finden ? - Ecole de Ski &amp; Snowboard Internationale<\/title>\n<meta name=\"description\" content=\"Sie k\u00f6nnen uns direkt f\u00fcr die Gruppenkurse und f\u00fcr die Privatkurse auf dem Sammelplatz der Internationalen Skischule treffen\" \/>\n<meta name=\"robots\" content=\"index, follow, max-snippet:-1, max-image-preview:large, max-video-preview:-1\" \/>\n<link rel=\"canonical\" href=\"https:\/\/grimentz-zinal.ski\/de\/wo-sie-uns-finden\/\" \/>\n<meta property=\"og:locale\" content=\"de_DE\" \/>\n<meta property=\"og:type\" content=\"article\" \/>\n<meta property=\"og:title\" content=\"Wo Sie uns finden ? - Ecole de Ski &amp; Snowboard Internationale\" \/>\n<meta property=\"og:description\" content=\"Sie k\u00f6nnen uns direkt f\u00fcr die Gruppenkurse und f\u00fcr die Privatkurse auf dem Sammelplatz der Internationalen Skischule treffen\" \/>\n<meta property=\"og:url\" content=\"https:\/\/grimentz-zinal.ski\/de\/wo-sie-uns-finden\/\" \/>\n<meta property=\"og:site_name\" content=\"Ecole de Ski &amp; Snowboard Internationale\" \/>\n<meta property=\"article:modified_time\" content=\"2023-11-08T12:49:31+00:00\" \/>\n<meta property=\"og:image\" content=\"https:\/\/grimentz-zinal.ski\/wp-content\/uploads\/2023\/11\/logo-esi-ecole-de-ski.png\" \/>\n\t<meta property=\"og:image:width\" content=\"1200\" \/>\n\t<meta property=\"og:image:height\" content=\"675\" \/>\n\t<meta property=\"og:image:type\" content=\"image\/png\" \/>\n<meta name=\"twitter:card\" content=\"summary_large_image\" \/>\n<meta name=\"twitter:label1\" content=\"Gesch\u00e4tzte Lesezeit\" \/>\n\t<meta name=\"twitter:data1\" content=\"2\u00a0Minuten\" \/>\n<script type=\"application\/ld+json\" class=\"yoast-schema-graph\">{\"@context\":\"https:\\\/\\\/schema.org\",\"@graph\":[{\"@type\":\"WebPage\",\"@id\":\"https:\\\/\\\/grimentz-zinal.ski\\\/de\\\/wo-sie-uns-finden\\\/\",\"url\":\"https:\\\/\\\/grimentz-zinal.ski\\\/de\\\/wo-sie-uns-finden\\\/\",\"name\":\"Wo Sie uns finden ? - Ecole de Ski &amp; Snowboard Internationale\",\"isPartOf\":{\"@id\":\"https:\\\/\\\/grimentz-zinal.ski\\\/de\\\/#website\"},\"datePublished\":\"2023-08-17T09:13:48+00:00\",\"dateModified\":\"2023-11-08T12:49:31+00:00\",\"description\":\"Sie k\u00f6nnen uns direkt f\u00fcr die Gruppenkurse und f\u00fcr die Privatkurse auf dem Sammelplatz der Internationalen Skischule treffen\",\"breadcrumb\":{\"@id\":\"https:\\\/\\\/grimentz-zinal.ski\\\/de\\\/wo-sie-uns-finden\\\/#breadcrumb\"},\"inLanguage\":\"de\",\"potentialAction\":[{\"@type\":\"ReadAction\",\"target\":[\"https:\\\/\\\/grimentz-zinal.ski\\\/de\\\/wo-sie-uns-finden\\\/\"]}]},{\"@type\":\"BreadcrumbList\",\"@id\":\"https:\\\/\\\/grimentz-zinal.ski\\\/de\\\/wo-sie-uns-finden\\\/#breadcrumb\",\"itemListElement\":[{\"@type\":\"ListItem\",\"position\":1,\"name\":\"Accueil\",\"item\":\"https:\\\/\\\/grimentz-zinal.ski\\\/de\\\/startseite\\\/\"},{\"@type\":\"ListItem\",\"position\":2,\"name\":\"Wo Sie uns finden ?\"}]},{\"@type\":\"WebSite\",\"@id\":\"https:\\\/\\\/grimentz-zinal.ski\\\/de\\\/#website\",\"url\":\"https:\\\/\\\/grimentz-zinal.ski\\\/de\\\/\",\"name\":\"Ecole de ski & Snowboard Internationale\",\"description\":\"Grimentz et Zinal\",\"publisher\":{\"@id\":\"https:\\\/\\\/grimentz-zinal.ski\\\/de\\\/#organization\"},\"potentialAction\":[{\"@type\":\"SearchAction\",\"target\":{\"@type\":\"EntryPoint\",\"urlTemplate\":\"https:\\\/\\\/grimentz-zinal.ski\\\/de\\\/?s={search_term_string}\"},\"query-input\":{\"@type\":\"PropertyValueSpecification\",\"valueRequired\":true,\"valueName\":\"search_term_string\"}}],\"inLanguage\":\"de\"},{\"@type\":\"Organization\",\"@id\":\"https:\\\/\\\/grimentz-zinal.ski\\\/de\\\/#organization\",\"name\":\"Ecole de ski & Snowboard Internationale\",\"url\":\"https:\\\/\\\/grimentz-zinal.ski\\\/de\\\/\",\"logo\":{\"@type\":\"ImageObject\",\"inLanguage\":\"de\",\"@id\":\"https:\\\/\\\/grimentz-zinal.ski\\\/de\\\/#\\\/schema\\\/logo\\\/image\\\/\",\"url\":\"https:\\\/\\\/grimentz-zinal.ski\\\/wp-content\\\/uploads\\\/2023\\\/11\\\/logo-esi-ecole-de-ski-grimentz-zinal.png\",\"contentUrl\":\"https:\\\/\\\/grimentz-zinal.ski\\\/wp-content\\\/uploads\\\/2023\\\/11\\\/logo-esi-ecole-de-ski-grimentz-zinal.png\",\"width\":696,\"height\":696,\"caption\":\"Ecole de ski & Snowboard Internationale\"},\"image\":{\"@id\":\"https:\\\/\\\/grimentz-zinal.ski\\\/de\\\/#\\\/schema\\\/logo\\\/image\\\/\"}}]}<\/script>\n<!-- \/ Yoast SEO plugin. -->","yoast_head_json":{"title":"Wo Sie uns finden ? - Ecole de Ski &amp; Snowboard Internationale","description":"Sie k\u00f6nnen uns direkt f\u00fcr die Gruppenkurse und f\u00fcr die Privatkurse auf dem Sammelplatz der Internationalen Skischule treffen","robots":{"index":"index","follow":"follow","max-snippet":"max-snippet:-1","max-image-preview":"max-image-preview:large","max-video-preview":"max-video-preview:-1"},"canonical":"https:\/\/grimentz-zinal.ski\/de\/wo-sie-uns-finden\/","og_locale":"de_DE","og_type":"article","og_title":"Wo Sie uns finden ? - Ecole de Ski &amp; Snowboard Internationale","og_description":"Sie k\u00f6nnen uns direkt f\u00fcr die Gruppenkurse und f\u00fcr die Privatkurse auf dem Sammelplatz der Internationalen Skischule treffen","og_url":"https:\/\/grimentz-zinal.ski\/de\/wo-sie-uns-finden\/","og_site_name":"Ecole de Ski &amp; Snowboard Internationale","article_modified_time":"2023-11-08T12:49:31+00:00","og_image":[{"width":1200,"height":675,"url":"https:\/\/grimentz-zinal.ski\/wp-content\/uploads\/2023\/11\/logo-esi-ecole-de-ski.png","type":"image\/png"}],"twitter_card":"summary_large_image","twitter_misc":{"Gesch\u00e4tzte Lesezeit":"2\u00a0Minuten"},"schema":{"@context":"https:\/\/schema.org","@graph":[{"@type":"WebPage","@id":"https:\/\/grimentz-zinal.ski\/de\/wo-sie-uns-finden\/","url":"https:\/\/grimentz-zinal.ski\/de\/wo-sie-uns-finden\/","name":"Wo Sie uns finden ? - Ecole de Ski &amp; Snowboard Internationale","isPartOf":{"@id":"https:\/\/grimentz-zinal.ski\/de\/#website"},"datePublished":"2023-08-17T09:13:48+00:00","dateModified":"2023-11-08T12:49:31+00:00","description":"Sie k\u00f6nnen uns direkt f\u00fcr die Gruppenkurse und f\u00fcr die Privatkurse auf dem Sammelplatz der Internationalen Skischule treffen","breadcrumb":{"@id":"https:\/\/grimentz-zinal.ski\/de\/wo-sie-uns-finden\/#breadcrumb"},"inLanguage":"de","potentialAction":[{"@type":"ReadAction","target":["https:\/\/grimentz-zinal.ski\/de\/wo-sie-uns-finden\/"]}]},{"@type":"BreadcrumbList","@id":"https:\/\/grimentz-zinal.ski\/de\/wo-sie-uns-finden\/#breadcrumb","itemListElement":[{"@type":"ListItem","position":1,"name":"Accueil","item":"https:\/\/grimentz-zinal.ski\/de\/startseite\/"},{"@type":"ListItem","position":2,"name":"Wo Sie uns finden ?"}]},{"@type":"WebSite","@id":"https:\/\/grimentz-zinal.ski\/de\/#website","url":"https:\/\/grimentz-zinal.ski\/de\/","name":"Ecole de ski & Snowboard Internationale","description":"Grimentz et Zinal","publisher":{"@id":"https:\/\/grimentz-zinal.ski\/de\/#organization"},"potentialAction":[{"@type":"SearchAction","target":{"@type":"EntryPoint","urlTemplate":"https:\/\/grimentz-zinal.ski\/de\/?s={search_term_string}"},"query-input":{"@type":"PropertyValueSpecification","valueRequired":true,"valueName":"search_term_string"}}],"inLanguage":"de"},{"@type":"Organization","@id":"https:\/\/grimentz-zinal.ski\/de\/#organization","name":"Ecole de ski & Snowboard Internationale","url":"https:\/\/grimentz-zinal.ski\/de\/","logo":{"@type":"ImageObject","inLanguage":"de","@id":"https:\/\/grimentz-zinal.ski\/de\/#\/schema\/logo\/image\/","url":"https:\/\/grimentz-zinal.ski\/wp-content\/uploads\/2023\/11\/logo-esi-ecole-de-ski-grimentz-zinal.png","contentUrl":"https:\/\/grimentz-zinal.ski\/wp-content\/uploads\/2023\/11\/logo-esi-ecole-de-ski-grimentz-zinal.png","width":696,"height":696,"caption":"Ecole de ski & Snowboard Internationale"},"image":{"@id":"https:\/\/grimentz-zinal.ski\/de\/#\/schema\/logo\/image\/"}}]}},"_links":{"self":[{"href":"https:\/\/grimentz-zinal.ski\/de\/wp-json\/wp\/v2\/pages\/1197","targetHints":{"allow":["GET"]}}],"collection":[{"href":"https:\/\/grimentz-zinal.ski\/de\/wp-json\/wp\/v2\/pages"}],"about":[{"href":"https:\/\/grimentz-zinal.ski\/de\/wp-json\/wp\/v2\/types\/page"}],"author":[{"embeddable":true,"href":"https:\/\/grimentz-zinal.ski\/de\/wp-json\/wp\/v2\/users\/2"}],"replies":[{"embeddable":true,"href":"https:\/\/grimentz-zinal.ski\/de\/wp-json\/wp\/v2\/comments?post=1197"}],"version-history":[{"count":4,"href":"https:\/\/grimentz-zinal.ski\/de\/wp-json\/wp\/v2\/pages\/1197\/revisions"}],"predecessor-version":[{"id":2057,"href":"https:\/\/grimentz-zinal.ski\/de\/wp-json\/wp\/v2\/pages\/1197\/revisions\/2057"}],"wp:attachment":[{"href":"https:\/\/grimentz-zinal.ski\/de\/wp-json\/wp\/v2\/media?parent=1197"}],"curies":[{"name":"wp","href":"https:\/\/api.w.org\/{rel}","templated":true}]}}